{"id":28,"date":"2019-02-15T11:15:50","date_gmt":"2019-02-15T11:15:50","guid":{"rendered":"http:\/\/newstager.de\/?page_id=28"},"modified":"2019-02-21T17:06:56","modified_gmt":"2019-02-21T17:06:56","slug":"ueber-mich","status":"publish","type":"page","link":"https:\/\/newstager.de\/?page_id=28","title":{"rendered":"\u00dcber mich"},"content":{"rendered":"\n<p>Es passiert so viel um mich herum&#8230; in meinem privaten Kosmos sozusagen&#8230; und in der Welt&#8230; und mit meinen aktuellen 53 Jahren habe ich das Gef\u00fchl, die Sachen f\u00fcr mich einordnen zu m\u00fcssen.<\/p>\n\n\n\n<p>Ich habe ein entz\u00fcckende Frau, einen gelungenen Sohn und einen guten Job, der mir Spa\u00df macht und der es uns erm\u00f6glicht, ein recht angenehmes Leben zu f\u00fchren. Nat\u00fcrlich l\u00e4uft nicht immer alles perfekt, aber im Gro\u00dfen und Ganzen bin ich ziemlich positiv unterwegs, Fairniss ist mir sehr wichtig, ich behandle JEDEN mit Respekt und glaube an das Gute im Menschen.  <\/p>\n\n\n\n<p>Diesen Blog schreibe ich, um manches nicht zu vergessen, um manche Dinge bei Bedarf, neuen Erkenntnissen oder warum auch immer&#8230; gedanklich noch einmal anfassen zu k\u00f6nnen.<\/p>\n\n\n\n<p>Viele Gespr\u00e4che die ich f\u00fchre, vieles was ich h\u00f6re und lese, l\u00e4sst mich annehmen, dass ich mit meinen Eindr\u00fccken und Meinungen beinahe einen representativen Querschnitt unserer Gesellschaft abbilde. Sei es bei der Beurteilung von Menschen, der Wirkung von Werbung, dem Bauchgef\u00fchl gegen\u00fcber politischen Themen oder den tiefer liegenden Sehnsuchten der meisten Menschen&#8230;<\/p>\n\n\n\n<p>Da ich allerdings weit davon entfernt bin zu glauben, die alleinige Weisheit gepachtet zu haben&#8230; weil ich wei\u00df, dass ich auch falsch liegen kann&#8230; w\u00fcrde ich mich freuen, mit zivilisierten Menschen hier in einen Austausch gehen zu k\u00f6nnen.<br><\/p>\n","protected":false},"excerpt":{"rendered":"<p>Es passiert so viel um mich herum&#8230; in meinem privaten Kosmos sozusagen&#8230; und in der Welt&#8230; und mit meinen aktuellen 53 Jahren habe ich das Gef\u00fchl, die Sachen f\u00fcr mich einordnen zu m\u00fcssen. Ich habe ein entz\u00fcckende Frau, einen gelungenen Sohn und einen guten Job, der mir Spa\u00df macht und der es uns erm\u00f6glicht, ein [&hellip;]<\/p>\n","protected":false},"author":1,"featured_media":0,"parent":0,"menu_order":0,"comment_status":"open","ping_status":"closed","template":"","meta":{"footnotes":""},"class_list":["post-28","page","type-page","status-publish","hentry","entry"],"_links":{"self":[{"href":"https:\/\/newstager.de\/index.php?rest_route=\/wp\/v2\/pages\/28","targetHints":{"allow":["GET"]}}],"collection":[{"href":"https:\/\/newstager.de\/index.php?rest_route=\/wp\/v2\/pages"}],"about":[{"href":"https:\/\/newstager.de\/index.php?rest_route=\/wp\/v2\/types\/page"}],"author":[{"embeddable":true,"href":"https:\/\/newstager.de\/index.php?rest_route=\/wp\/v2\/users\/1"}],"replies":[{"embeddable":true,"href":"https:\/\/newstager.de\/index.php?rest_route=%2Fwp%2Fv2%2Fcomments&post=28"}],"version-history":[{"count":3,"href":"https:\/\/newstager.de\/index.php?rest_route=\/wp\/v2\/pages\/28\/revisions"}],"predecessor-version":[{"id":74,"href":"https:\/\/newstager.de\/index.php?rest_route=\/wp\/v2\/pages\/28\/revisions\/74"}],"wp:attachment":[{"href":"https:\/\/newstager.de\/index.php?rest_route=%2Fwp%2Fv2%2Fmedia&parent=28"}],"curies":[{"name":"wp","href":"https:\/\/api.w.org\/{rel}","templated":true}]}}