{"id":183,"date":"2020-01-20T12:18:01","date_gmt":"2020-01-20T12:18:01","guid":{"rendered":"http:\/\/newstager.de\/?page_id=183"},"modified":"2020-01-20T12:18:01","modified_gmt":"2020-01-20T12:18:01","slug":"was-ich-lese","status":"publish","type":"page","link":"https:\/\/newstager.de\/?page_id=183","title":{"rendered":"Was ich lese"},"content":{"rendered":"\n<p> <a href=\"http:\/\/carta.info\/\">http:\/\/carta.info\/<\/a><\/p>\n\n\n\n<p><br><\/p>\n\n\n\n<h3 class=\"wp-block-heading\">Was ist CARTA?\n<\/h3>\n\n\n\n<p>CARTA ist eine der \u00e4ltesten Stimmen f\u00fcr politisches Feuilleton im \ndeutschsprachigen Internet und wurde mit einem Grimme-Preis und einem \nLEAD-Award ausgezeichnet. Wir schreiben \u00fcber Politik, Kultur, \u00d6konomie, \nTheorie und einiges mehr. Wir wollen die Br\u00fcche und Umbr\u00fcche der \nGegenwart mit offenem, interdisziplin\u00e4rem Blick reflektieren. Wir sind \nstets an Austausch, Input und klugen Ideen interessiert. Text- oder \nandere Vorschl\u00e4ge? Mail an redaktion@carta.info<\/p>\n\n\n\n<p><\/p>\n","protected":false},"excerpt":{"rendered":"<p>http:\/\/carta.info\/ Was ist CARTA? CARTA ist eine der \u00e4ltesten Stimmen f\u00fcr politisches Feuilleton im deutschsprachigen Internet und wurde mit einem Grimme-Preis und einem LEAD-Award ausgezeichnet. Wir schreiben \u00fcber Politik, Kultur, \u00d6konomie, Theorie und einiges mehr. Wir wollen die Br\u00fcche und Umbr\u00fcche der Gegenwart mit offenem, interdisziplin\u00e4rem Blick reflektieren. Wir sind stets an Austausch, Input und [&hellip;]<\/p>\n","protected":false},"author":1,"featured_media":0,"parent":0,"menu_order":0,"comment_status":"closed","ping_status":"closed","template":"","meta":{"footnotes":""},"class_list":["post-183","page","type-page","status-publish","hentry","entry"],"_links":{"self":[{"href":"https:\/\/newstager.de\/index.php?rest_route=\/wp\/v2\/pages\/183","targetHints":{"allow":["GET"]}}],"collection":[{"href":"https:\/\/newstager.de\/index.php?rest_route=\/wp\/v2\/pages"}],"about":[{"href":"https:\/\/newstager.de\/index.php?rest_route=\/wp\/v2\/types\/page"}],"author":[{"embeddable":true,"href":"https:\/\/newstager.de\/index.php?rest_route=\/wp\/v2\/users\/1"}],"replies":[{"embeddable":true,"href":"https:\/\/newstager.de\/index.php?rest_route=%2Fwp%2Fv2%2Fcomments&post=183"}],"version-history":[{"count":1,"href":"https:\/\/newstager.de\/index.php?rest_route=\/wp\/v2\/pages\/183\/revisions"}],"predecessor-version":[{"id":184,"href":"https:\/\/newstager.de\/index.php?rest_route=\/wp\/v2\/pages\/183\/revisions\/184"}],"wp:attachment":[{"href":"https:\/\/newstager.de\/index.php?rest_route=%2Fwp%2Fv2%2Fmedia&parent=183"}],"curies":[{"name":"wp","href":"https:\/\/api.w.org\/{rel}","templated":true}]}}